{"id":3856,"date":"2025-11-10T17:15:58","date_gmt":"2025-11-10T16:15:58","guid":{"rendered":"https:\/\/www.weingut-dahlem.de\/start\/?post_type=product&#038;p=3856"},"modified":"2026-04-16T08:35:43","modified_gmt":"2026-04-16T06:35:43","slug":"schwarzer-kater-box-hardcover","status":"publish","type":"product","link":"https:\/\/www.weingut-dahlem.de\/start\/produkt\/schwarzer-kater-box-hardcover\/","title":{"rendered":"Schwarzer Kater Box (Hardcover)"},"content":{"rendered":"","protected":false},"excerpt":{"rendered":"<p>Verschenken Sie doppelten Genuss mit der perfekten Geschenke-Box f\u00fcr Lese- und Weinfreunde: Der mitrei\u00dfende Roman &#8220;Schwarzer Kater&#8221; entf\u00fchrt Sie in die 80er Jahre. Genie\u00dfen Sie dazu den Chardonnay &amp; Wei\u00dfburgunder, mit seinem feinen, vollmundig-samtigen Aroma. Der Wein ist mit einem exklusiven Etikett ausgestattet. Ebenfalls in der Box enthalten ist ein stylisher<br \/>\nSchl\u00fcsselanh\u00e4nger in Kater-Form. Lieferung erfolgt in einem hochwertigen Geschenkekarton in Holzoptik.<\/p>\n<p><strong>BUCH als HARDCOVER<\/strong><\/p>\n<p>Mehr Infos zum Roman finden Sie hier:\u00a0<a href=\"http:\/\/vanessaandreadakis.de\/\">http:\/\/vanessaandreadakis.de\/<\/a><\/p>\n<p>inkl. 19 % MwSt.<br \/>\nzzgl. Versandkosten<\/p>\n<p>Der Wein ist:<br \/>\n2024 Oppenheimer Herrenberg Chardonnay und Weissburgunder halbtrocken<br \/>\nAP-Nr. 4 387 031 0125<br \/>\nAnbaugebiet: Rheinhessen<\/p>\n<div><span style=\"font-family: Verdana;font-size: small\">Weingutsverwaltung Sanit\u00e4tsrat<br \/>\nDr. Dahlem Erben KG<br \/>\nRathofstr. 21-25<br \/>\n55276 Oppenheim<br \/>\n<\/span><\/div>\n<p>&nbsp;<\/p>\n","protected":false},"featured_media":3858,"comment_status":"open","ping_status":"closed","template":"","meta":{"ngg_post_thumbnail":0},"product_cat":[128],"product_tag":[205,206,207],"class_list":{"0":"post-3856","1":"product","2":"type-product","3":"status-publish","4":"has-post-thumbnail","6":"product_cat-kennenlernagebot","7":"product_tag-buch","8":"product_tag-geschekebox","9":"product_tag-hardcover","11":"first","12":"instock","13":"shipping-taxable","14":"purchasable","15":"product-type-simple"},"_links":{"self":[{"href":"https:\/\/www.weingut-dahlem.de\/start\/wp-json\/wp\/v2\/product\/3856","targetHints":{"allow":["GET"]}}],"collection":[{"href":"https:\/\/www.weingut-dahlem.de\/start\/wp-json\/wp\/v2\/product"}],"about":[{"href":"https:\/\/www.weingut-dahlem.de\/start\/wp-json\/wp\/v2\/types\/product"}],"replies":[{"embeddable":true,"href":"https:\/\/www.weingut-dahlem.de\/start\/wp-json\/wp\/v2\/comments?post=3856"}],"wp:featuredmedia":[{"embeddable":true,"href":"https:\/\/www.weingut-dahlem.de\/start\/wp-json\/wp\/v2\/media\/3858"}],"wp:attachment":[{"href":"https:\/\/www.weingut-dahlem.de\/start\/wp-json\/wp\/v2\/media?parent=3856"}],"wp:term":[{"taxonomy":"product_cat","embeddable":true,"href":"https:\/\/www.weingut-dahlem.de\/start\/wp-json\/wp\/v2\/product_cat?post=3856"},{"taxonomy":"product_tag","embeddable":true,"href":"https:\/\/www.weingut-dahlem.de\/start\/wp-json\/wp\/v2\/product_tag?post=3856"}],"curies":[{"name":"wp","href":"https:\/\/api.w.org\/{rel}","templated":true}]}}