{"id":2940,"date":"2023-12-15T13:49:38","date_gmt":"2023-12-15T12:49:38","guid":{"rendered":"https:\/\/www.weingut-dahlem.de\/start\/produkt\/riesling-eiswein-0375\/"},"modified":"2026-01-30T09:13:47","modified_gmt":"2026-01-30T08:13:47","slug":"riesling-eiswein-0375","status":"publish","type":"product","link":"https:\/\/www.weingut-dahlem.de\/start\/produkt\/riesling-eiswein-0375\/","title":{"rendered":"Riesling Eiswein &#8211; 0,375l"},"content":{"rendered":"","protected":false},"excerpt":{"rendered":"<p>2003 Oppenheimer\u00a0Sacktr\u00e4ger Riesling Eiswein &#8211; in der halben Flasche.<br \/>\nEtwas ganz besonderes &#8211; Eiswein gelesen bei -9\u00b0C.<br \/>\nMit einem Mostgewicht von 135\u00b0 Oechsle wurden rund 250 Liter Eiswein mit der Hand gelesen.<\/p>\n<p>Das in den Beeren enthaltene Wasser kristallisiert bei anhaltenden Minusgraden unter \u22127\u00a0\u00b0C gr\u00f6\u00dftenteils aus. Nur der in den Trauben enthaltene Zucker bindet nicht kristallisiertes Wasser und Fruchts\u00e4uren. Resultat sind h\u00f6chst konzentrierte Weine. Sie besitzen in der Regel eine kr\u00e4ftige, hocharomatische S\u00e4ure, die ein wichtiges Gegengewicht zur intensiven nat\u00fcrlichen S\u00fc\u00dfe dieser Weine bildet.<br \/>\n<strong>Preis pro Liter: 49,33 Euro<\/strong><br \/>\ninkl. 19 % MwSt.<br \/>\nzzgl. Versandkosten<br \/>\nWei\u00dfwein<br \/>\nAP-Nr. 4 387 031 0104<br \/>\nAnbaugebiet: Rheinhessen<br \/>\nWeingutsverwaltung Sanit\u00e4tsrat<br \/>\nDr. Dahlem Erben KG<br \/>\nRathofstr. 21-25<br \/>\n55276 Oppenheim<\/p>\n","protected":false},"featured_media":2941,"comment_status":"open","ping_status":"closed","template":"","meta":{"ngg_post_thumbnail":0},"product_cat":[166],"product_tag":[118,138,143,149],"class_list":{"0":"post-2940","1":"product","2":"type-product","3":"status-publish","4":"has-post-thumbnail","6":"product_cat-weissweine-mild","7":"product_tag-eiswein","8":"product_tag-oppenheimer","9":"product_tag-riesling","10":"product_tag-sacktraeger","12":"first","13":"instock","14":"shipping-taxable","15":"purchasable","16":"product-type-simple"},"_links":{"self":[{"href":"https:\/\/www.weingut-dahlem.de\/start\/wp-json\/wp\/v2\/product\/2940","targetHints":{"allow":["GET"]}}],"collection":[{"href":"https:\/\/www.weingut-dahlem.de\/start\/wp-json\/wp\/v2\/product"}],"about":[{"href":"https:\/\/www.weingut-dahlem.de\/start\/wp-json\/wp\/v2\/types\/product"}],"replies":[{"embeddable":true,"href":"https:\/\/www.weingut-dahlem.de\/start\/wp-json\/wp\/v2\/comments?post=2940"}],"wp:featuredmedia":[{"embeddable":true,"href":"https:\/\/www.weingut-dahlem.de\/start\/wp-json\/wp\/v2\/media\/2941"}],"wp:attachment":[{"href":"https:\/\/www.weingut-dahlem.de\/start\/wp-json\/wp\/v2\/media?parent=2940"}],"wp:term":[{"taxonomy":"product_cat","embeddable":true,"href":"https:\/\/www.weingut-dahlem.de\/start\/wp-json\/wp\/v2\/product_cat?post=2940"},{"taxonomy":"product_tag","embeddable":true,"href":"https:\/\/www.weingut-dahlem.de\/start\/wp-json\/wp\/v2\/product_tag?post=2940"}],"curies":[{"name":"wp","href":"https:\/\/api.w.org\/{rel}","templated":true}]}}