{"id":2159,"date":"2025-01-30T16:09:19","date_gmt":"2025-01-30T15:09:19","guid":{"rendered":"http:\/\/www.weingut-dahlem.de\/start\/?post_type=product&#038;p=2159"},"modified":"2025-05-07T15:20:20","modified_gmt":"2025-05-07T13:20:20","slug":"silvaner-alte-rebe","status":"publish","type":"product","link":"https:\/\/www.weingut-dahlem.de\/start\/produkt\/silvaner-alte-rebe\/","title":{"rendered":"Silvaner Alte Rebe trocken"},"content":{"rendered":"","protected":false},"excerpt":{"rendered":"<p><strong>2024 Dienheimer Tafelstein Silvaner &#8220;Alte Rebe&#8221; trocken<\/strong><br \/>\ngehaltvoller Silvaner mit viel Schmelz, W\u00fcrze und F\u00fclle von unserem derzeit \u00e4ltesten Weinberg.<br \/>\n<strong>Preis pro Liter: 10,13 Euro<\/strong><br \/>\ninkl. 19 % MwSt.<br \/>\nzzgl. Versandkosten<\/p>\n<p>Wei\u00dfwein<br \/>\nAP-Nr. 4 387 031 0325<br \/>\nAnbaugebiet: Rheinhessen<\/p>\n<div>Weingutsverwaltung Sanit\u00e4tsrat<br \/>\nDr. Dahlem Erben KG<br \/>\nRathofstr. 21-25<br \/>\n55276 Oppenheim<\/div>\n<p>&nbsp;<\/p>\n","protected":false},"featured_media":3645,"comment_status":"open","ping_status":"closed","template":"","meta":{"ngg_post_thumbnail":0},"product_cat":[167],"product_tag":[195,194,107,153],"class_list":{"0":"post-2159","1":"product","2":"type-product","3":"status-publish","4":"has-post-thumbnail","6":"product_cat-weissweine-trocken","7":"product_tag-195","8":"product_tag-194","9":"product_tag-alte-rebe","10":"product_tag-silvaner","12":"first","13":"instock","14":"shipping-taxable","15":"purchasable","16":"product-type-simple"},"_links":{"self":[{"href":"https:\/\/www.weingut-dahlem.de\/start\/wp-json\/wp\/v2\/product\/2159","targetHints":{"allow":["GET"]}}],"collection":[{"href":"https:\/\/www.weingut-dahlem.de\/start\/wp-json\/wp\/v2\/product"}],"about":[{"href":"https:\/\/www.weingut-dahlem.de\/start\/wp-json\/wp\/v2\/types\/product"}],"replies":[{"embeddable":true,"href":"https:\/\/www.weingut-dahlem.de\/start\/wp-json\/wp\/v2\/comments?post=2159"}],"wp:featuredmedia":[{"embeddable":true,"href":"https:\/\/www.weingut-dahlem.de\/start\/wp-json\/wp\/v2\/media\/3645"}],"wp:attachment":[{"href":"https:\/\/www.weingut-dahlem.de\/start\/wp-json\/wp\/v2\/media?parent=2159"}],"wp:term":[{"taxonomy":"product_cat","embeddable":true,"href":"https:\/\/www.weingut-dahlem.de\/start\/wp-json\/wp\/v2\/product_cat?post=2159"},{"taxonomy":"product_tag","embeddable":true,"href":"https:\/\/www.weingut-dahlem.de\/start\/wp-json\/wp\/v2\/product_tag?post=2159"}],"curies":[{"name":"wp","href":"https:\/\/api.w.org\/{rel}","templated":true}]}}