{"id":2158,"date":"2025-03-01T16:04:50","date_gmt":"2025-03-01T15:04:50","guid":{"rendered":"http:\/\/www.weingut-dahlem.de\/start\/?post_type=product&#038;p=2158"},"modified":"2025-05-07T15:11:34","modified_gmt":"2025-05-07T13:11:34","slug":"sacktraeger-riesling-spaetlese-trocken","status":"publish","type":"product","link":"https:\/\/www.weingut-dahlem.de\/start\/produkt\/sacktraeger-riesling-spaetlese-trocken\/","title":{"rendered":"Sacktr\u00e4ger Riesling Sp\u00e4tlese trocken"},"content":{"rendered":"","protected":false},"excerpt":{"rendered":"<p>2024 Oppenheimer Sacktr\u00e4ger Riesling Sp\u00e4tlese trocken<br \/>\nvollmundiger Riesling, reifer Geschmack<br \/>\n<strong>Preis pro Liter: 11,07 Euro<\/strong><br \/>\ninkl. 19 % MwSt.<br \/>\nzzgl. Versandkosten<\/p>\n<p>Wei\u00dfwein<br \/>\nAP-Nr. 4 387 031 0425<br \/>\nAnbaugebiet: Rheinhessen<\/p>\n<div>Weingutsverwaltung Sanit\u00e4tsrat<br \/>\nDr. Dahlem Erben KG<br \/>\nRathofstr. 21-25<br \/>\n55276 Oppenheim<\/div>\n<p>&nbsp;<\/p>\n","protected":false},"featured_media":2922,"comment_status":"open","ping_status":"closed","template":"","meta":{"ngg_post_thumbnail":0},"product_cat":[167],"product_tag":[196,194,138,143,149,155,158],"class_list":{"0":"post-2158","1":"product","2":"type-product","3":"status-publish","4":"has-post-thumbnail","6":"product_cat-weissweine-trocken","7":"product_tag-196","8":"product_tag-194","9":"product_tag-oppenheimer","10":"product_tag-riesling","11":"product_tag-sacktraeger","12":"product_tag-spaetlese","13":"product_tag-trocken","15":"first","16":"instock","17":"shipping-taxable","18":"purchasable","19":"product-type-simple"},"_links":{"self":[{"href":"https:\/\/www.weingut-dahlem.de\/start\/wp-json\/wp\/v2\/product\/2158","targetHints":{"allow":["GET"]}}],"collection":[{"href":"https:\/\/www.weingut-dahlem.de\/start\/wp-json\/wp\/v2\/product"}],"about":[{"href":"https:\/\/www.weingut-dahlem.de\/start\/wp-json\/wp\/v2\/types\/product"}],"replies":[{"embeddable":true,"href":"https:\/\/www.weingut-dahlem.de\/start\/wp-json\/wp\/v2\/comments?post=2158"}],"wp:featuredmedia":[{"embeddable":true,"href":"https:\/\/www.weingut-dahlem.de\/start\/wp-json\/wp\/v2\/media\/2922"}],"wp:attachment":[{"href":"https:\/\/www.weingut-dahlem.de\/start\/wp-json\/wp\/v2\/media?parent=2158"}],"wp:term":[{"taxonomy":"product_cat","embeddable":true,"href":"https:\/\/www.weingut-dahlem.de\/start\/wp-json\/wp\/v2\/product_cat?post=2158"},{"taxonomy":"product_tag","embeddable":true,"href":"https:\/\/www.weingut-dahlem.de\/start\/wp-json\/wp\/v2\/product_tag?post=2158"}],"curies":[{"name":"wp","href":"https:\/\/api.w.org\/{rel}","templated":true}]}}