{"id":2066,"date":"2025-04-01T12:14:13","date_gmt":"2025-04-01T10:14:13","guid":{"rendered":"http:\/\/www.weingut-dahlem.de\/start\/?post_type=product&#038;p=2066"},"modified":"2025-04-29T10:50:25","modified_gmt":"2025-04-29T08:50:25","slug":"spaetburgunder-rose","status":"publish","type":"product","link":"https:\/\/www.weingut-dahlem.de\/start\/produkt\/spaetburgunder-rose\/","title":{"rendered":"Sp\u00e4tburgunder Ros\u00e9 mild"},"content":{"rendered":"","protected":false},"excerpt":{"rendered":"<p><strong>2023 Sp\u00e4tburgunder Ros\u00e9 mild<\/strong><br \/>\nDer perfekte Wein f\u00fcr die Terrasse. Mit einem feinen Erdbeer-Aroma und seiner Fruchtigkeit \u00fcberzeugt dieser Wein.<br \/>\n<strong>Preis pro Liter:\u00a0\u00a010,13 Euro<\/strong><br \/>\ninkl. 19 % MwSt.<br \/>\nzzgl. Versandkosten<\/p>\n<p>Ros\u00e9wein<br \/>\nAnbaugebiet: Rheinhessen<br \/>\nL.-Nr. 14523<\/p>\n<div>Weingutsverwaltung Sanit\u00e4tsrat<br \/>\nDr. Dahlem Erben KG<br \/>\nRathofstr. 21-25<br \/>\n55276 Oppenheim<\/div>\n","protected":false},"featured_media":2914,"comment_status":"closed","ping_status":"closed","template":"","meta":{"ngg_post_thumbnail":0},"product_cat":[146],"product_tag":[198,182,145,154],"class_list":{"0":"post-2066","1":"product","2":"type-product","3":"status-publish","4":"has-post-thumbnail","6":"product_cat-rot_rose_halbtrocken_mild","7":"product_tag-198","8":"product_tag-182","9":"product_tag-rose","10":"product_tag-spaetburgunder","12":"first","13":"instock","14":"shipping-taxable","15":"purchasable","16":"product-type-simple"},"_links":{"self":[{"href":"https:\/\/www.weingut-dahlem.de\/start\/wp-json\/wp\/v2\/product\/2066","targetHints":{"allow":["GET"]}}],"collection":[{"href":"https:\/\/www.weingut-dahlem.de\/start\/wp-json\/wp\/v2\/product"}],"about":[{"href":"https:\/\/www.weingut-dahlem.de\/start\/wp-json\/wp\/v2\/types\/product"}],"replies":[{"embeddable":true,"href":"https:\/\/www.weingut-dahlem.de\/start\/wp-json\/wp\/v2\/comments?post=2066"}],"wp:featuredmedia":[{"embeddable":true,"href":"https:\/\/www.weingut-dahlem.de\/start\/wp-json\/wp\/v2\/media\/2914"}],"wp:attachment":[{"href":"https:\/\/www.weingut-dahlem.de\/start\/wp-json\/wp\/v2\/media?parent=2066"}],"wp:term":[{"taxonomy":"product_cat","embeddable":true,"href":"https:\/\/www.weingut-dahlem.de\/start\/wp-json\/wp\/v2\/product_cat?post=2066"},{"taxonomy":"product_tag","embeddable":true,"href":"https:\/\/www.weingut-dahlem.de\/start\/wp-json\/wp\/v2\/product_tag?post=2066"}],"curies":[{"name":"wp","href":"https:\/\/api.w.org\/{rel}","templated":true}]}}