{"id":1680,"date":"2026-03-04T10:33:50","date_gmt":"2026-03-04T09:33:50","guid":{"rendered":"http:\/\/www.weingut-dahlem.de\/start\/?post_type=product&#038;p=1680"},"modified":"2026-03-05T14:01:25","modified_gmt":"2026-03-05T13:01:25","slug":"riesling-kabinett-3","status":"publish","type":"product","link":"https:\/\/www.weingut-dahlem.de\/start\/produkt\/riesling-kabinett-3\/","title":{"rendered":"Riesling Kabinett trocken"},"content":{"rendered":"","protected":false},"excerpt":{"rendered":"<p><strong>2025 Oppenheimer Riesling Kabinett trocken<\/strong><br \/>\ntrocken mit dezenter Rests\u00fc\u00dfe, frische, herzhafte Aromen. An Citrusfr\u00fcchte erinnernd, leichter Apfelton.<br \/>\n<strong>Preis pro Liter: 8,93 Euro<\/strong><br \/>\ninkl. 19 % MwSt.<br \/>\nzzgl. Versandkosten<\/p>\n<p>Wei\u00dfwein<br \/>\nAP-Nr. 4 387 031 0626<br \/>\nAnbaugebiet: Rheinhessen<\/p>\n<div>Weingutsverwaltung Sanit\u00e4tsrat<br \/>\nDr. Dahlem Erben KG<br \/>\nRathofstr. 21-25<br \/>\n55276 Oppenheim<\/div>\n","protected":false},"featured_media":2921,"comment_status":"open","ping_status":"closed","template":"","meta":{"ngg_post_thumbnail":0},"product_cat":[167],"product_tag":[215,210,127,138,143,158],"class_list":{"0":"post-1680","1":"product","2":"type-product","3":"status-publish","4":"has-post-thumbnail","6":"product_cat-weissweine-trocken","7":"product_tag-215","8":"product_tag-210","9":"product_tag-kabinett","10":"product_tag-oppenheimer","11":"product_tag-riesling","12":"product_tag-trocken","14":"first","15":"instock","16":"shipping-taxable","17":"purchasable","18":"product-type-simple"},"_links":{"self":[{"href":"https:\/\/www.weingut-dahlem.de\/start\/wp-json\/wp\/v2\/product\/1680","targetHints":{"allow":["GET"]}}],"collection":[{"href":"https:\/\/www.weingut-dahlem.de\/start\/wp-json\/wp\/v2\/product"}],"about":[{"href":"https:\/\/www.weingut-dahlem.de\/start\/wp-json\/wp\/v2\/types\/product"}],"replies":[{"embeddable":true,"href":"https:\/\/www.weingut-dahlem.de\/start\/wp-json\/wp\/v2\/comments?post=1680"}],"wp:featuredmedia":[{"embeddable":true,"href":"https:\/\/www.weingut-dahlem.de\/start\/wp-json\/wp\/v2\/media\/2921"}],"wp:attachment":[{"href":"https:\/\/www.weingut-dahlem.de\/start\/wp-json\/wp\/v2\/media?parent=1680"}],"wp:term":[{"taxonomy":"product_cat","embeddable":true,"href":"https:\/\/www.weingut-dahlem.de\/start\/wp-json\/wp\/v2\/product_cat?post=1680"},{"taxonomy":"product_tag","embeddable":true,"href":"https:\/\/www.weingut-dahlem.de\/start\/wp-json\/wp\/v2\/product_tag?post=1680"}],"curies":[{"name":"wp","href":"https:\/\/api.w.org\/{rel}","templated":true}]}}