{"id":1619,"date":"2024-02-08T09:54:11","date_gmt":"2024-02-08T08:54:11","guid":{"rendered":"http:\/\/www.weingut-dahlem.de\/start\/?post_type=product&#038;p=1619"},"modified":"2026-01-01T00:02:47","modified_gmt":"2025-12-31T23:02:47","slug":"spatburgunder","status":"publish","type":"product","link":"https:\/\/www.weingut-dahlem.de\/start\/produkt\/spatburgunder\/","title":{"rendered":"Sp\u00e4tburgunder feinherb"},"content":{"rendered":"","protected":false},"excerpt":{"rendered":"<p>2022 Oppenheimer Kreuz Sp\u00e4tburgunder QbA feinherb<\/p>\n<p>Ein warmer Burgunderton zeichnet diesen Sp\u00e4tburgunder aus. Halbtrocken ausgebaut strahlt dieser Wein Harmonie, Ruhe und W\u00e4rme aus. Der passende Wein f\u00fcer lange N\u00e4chte.<br \/>\n<strong>Preis pro Liter: 10,27 Euro<\/strong><br \/>\ninkl. 19 % MwSt.<br \/>\nzzgl. Versandkosten<\/p>\n<p>Rotwein<br \/>\nAP-Nr. 4 387 031 0724<br \/>\nAnbaugebiet: Rheinhessen<\/p>\n<div>Weingutsverwaltung Sanit\u00e4tsrat<br \/>\nDr. Dahlem Erben KG<br \/>\nRathofstr. 21-25<br \/>\n55276 Oppenheim<\/div>\n","protected":false},"featured_media":3660,"comment_status":"open","ping_status":"closed","template":"","meta":{"ngg_post_thumbnail":0},"product_cat":[146],"product_tag":[187,102,124,154],"class_list":{"0":"post-1619","1":"product","2":"type-product","3":"status-publish","4":"has-post-thumbnail","6":"product_cat-rot_rose_halbtrocken_mild","7":"product_tag-187","8":"product_tag-102","9":"product_tag-halbtrocken","10":"product_tag-spaetburgunder","12":"first","13":"instock","14":"shipping-taxable","15":"purchasable","16":"product-type-simple"},"_links":{"self":[{"href":"https:\/\/www.weingut-dahlem.de\/start\/wp-json\/wp\/v2\/product\/1619","targetHints":{"allow":["GET"]}}],"collection":[{"href":"https:\/\/www.weingut-dahlem.de\/start\/wp-json\/wp\/v2\/product"}],"about":[{"href":"https:\/\/www.weingut-dahlem.de\/start\/wp-json\/wp\/v2\/types\/product"}],"replies":[{"embeddable":true,"href":"https:\/\/www.weingut-dahlem.de\/start\/wp-json\/wp\/v2\/comments?post=1619"}],"wp:featuredmedia":[{"embeddable":true,"href":"https:\/\/www.weingut-dahlem.de\/start\/wp-json\/wp\/v2\/media\/3660"}],"wp:attachment":[{"href":"https:\/\/www.weingut-dahlem.de\/start\/wp-json\/wp\/v2\/media?parent=1619"}],"wp:term":[{"taxonomy":"product_cat","embeddable":true,"href":"https:\/\/www.weingut-dahlem.de\/start\/wp-json\/wp\/v2\/product_cat?post=1619"},{"taxonomy":"product_tag","embeddable":true,"href":"https:\/\/www.weingut-dahlem.de\/start\/wp-json\/wp\/v2\/product_tag?post=1619"}],"curies":[{"name":"wp","href":"https:\/\/api.w.org\/{rel}","templated":true}]}}