{"id":2411,"date":"2018-05-25T07:10:24","date_gmt":"2018-05-25T07:10:24","guid":{"rendered":"https:\/\/www.weingut-dahlem.de\/start\/?page_id=2411"},"modified":"2018-05-25T07:10:24","modified_gmt":"2018-05-25T07:10:24","slug":"datenschutz","status":"publish","type":"page","link":"https:\/\/www.weingut-dahlem.de\/start\/datenschutz\/","title":{"rendered":"Datenschutz"},"content":{"rendered":"<p><strong>Hier finden Sie die Informationen zum Thema Datenschutz.<\/strong><\/p>\n<p>Hinweise zur Verarbeitung Ihrer Daten<b><br \/>\n\u2013 <a href=\"https:\/\/www.weingut-dahlem.de\/start\/wp-content\/uploads\/2023\/07\/datenverarbeitung.pdf\" target=\"_blank\" rel=\"noopener\">\u00d6ffnen<\/a><\/b><\/p>\n<p>Datenschutzerkl\u00e4rung<br \/>\n&#8211; <strong><a href=\"https:\/\/www.weingut-dahlem.de\/start\/wp-content\/uploads\/2023\/07\/datenschutzerklaerung_Dahlem1.pdf\" target=\"_blank\" rel=\"noopener\">\u00d6ffnen<\/a><\/strong><\/p>\n<p>Einwilligungserkl\u00e4rung <b><br \/>\n\u2013 <a href=\"https:\/\/www.weingut-dahlem.de\/start\/wp-content\/uploads\/2023\/07\/Einwilligungserklaerung_dahlem.pdf\" target=\"_blank\" rel=\"noopener\">\u00d6ffnen<\/a><\/b><\/p>\n<p>R\u00fccknahme Einwilligung<br \/>\n\u2013 <a href=\"https:\/\/www.weingut-dahlem.de\/start\/wp-content\/uploads\/2023\/07\/Ruecknahme_Einwilligung_Dahlem.pdf\">&#8211;<b>\u00d6ffnen<\/b><\/a><\/p>\n","protected":false},"excerpt":{"rendered":"<p>Hier finden Sie die Informationen zum Thema Datenschutz. Hinweise zur Verarbeitung Ihrer Daten \u2013 \u00d6ffnen Datenschutzerkl\u00e4rung &#8211; \u00d6ffnen Einwilligungserkl\u00e4rung \u2013 \u00d6ffnen R\u00fccknahme Einwilligung \u2013 &#8211;\u00d6ffnen<\/p>\n","protected":false},"author":1,"featured_media":0,"parent":0,"menu_order":0,"comment_status":"closed","ping_status":"closed","template":"","meta":{"ngg_post_thumbnail":0,"footnotes":""},"class_list":["post-2411","page","type-page","status-publish","hentry"],"_links":{"self":[{"href":"https:\/\/www.weingut-dahlem.de\/start\/wp-json\/wp\/v2\/pages\/2411","targetHints":{"allow":["GET"]}}],"collection":[{"href":"https:\/\/www.weingut-dahlem.de\/start\/wp-json\/wp\/v2\/pages"}],"about":[{"href":"https:\/\/www.weingut-dahlem.de\/start\/wp-json\/wp\/v2\/types\/page"}],"author":[{"embeddable":true,"href":"https:\/\/www.weingut-dahlem.de\/start\/wp-json\/wp\/v2\/users\/1"}],"replies":[{"embeddable":true,"href":"https:\/\/www.weingut-dahlem.de\/start\/wp-json\/wp\/v2\/comments?post=2411"}],"version-history":[{"count":0,"href":"https:\/\/www.weingut-dahlem.de\/start\/wp-json\/wp\/v2\/pages\/2411\/revisions"}],"wp:attachment":[{"href":"https:\/\/www.weingut-dahlem.de\/start\/wp-json\/wp\/v2\/media?parent=2411"}],"curies":[{"name":"wp","href":"https:\/\/api.w.org\/{rel}","templated":true}]}}