{"id":1812,"date":"2015-10-28T13:07:47","date_gmt":"2015-10-28T13:07:47","guid":{"rendered":"http:\/\/www.weingut-dahlem.de\/start\/?page_id=1812"},"modified":"2024-10-11T15:29:22","modified_gmt":"2024-10-11T13:29:22","slug":"angebote","status":"publish","type":"page","link":"https:\/\/www.weingut-dahlem.de\/start\/angebote\/","title":{"rendered":"Angebote"},"content":{"rendered":"<section class=\"wpb-content-wrapper\"><p>[vc_row][vc_column width=&#8221;1\/4&#8243; css=&#8221;.vc_custom_1447071111176{padding-top: 40px !important;}&#8221;][vc_column_text]<\/p>\n<h3><strong>Kennlernangebot<br \/>\n<\/strong><\/h3>\n<p><a href=\"http:\/\/www.weingut-dahlem.de\/start\/produkt\/angebot_trocken\/\"><strong>12 Flaschen Wein trocken\/halbtrocken<\/strong><\/a><br \/>\n2 Fl. Grauer Burgunder Sp\u00e4tlese trocken<br \/>\n2 Fl. Sauvignon Blanc feinherb<br \/>\n2 Fl. Riesling Classic<br \/>\n2 Fl. Chardonnay &amp; Weissburgunder halbtrocken<br \/>\n2 Fl. Sp\u00e4tburgunder Rose feinherb<br \/>\n2 Fl. Merlot &amp; Dornfelder Rotwein trocken<br \/>\n<a href=\"http:\/\/www.weingut-dahlem.de\/start\/produkt\/angebot_trocken\/\">zum Kennenlernpreis von \u20ac 89,00 inkl. Versand statt \u20ac 98,90<\/a>[\/vc_column_text][\/vc_column][vc_column width=&#8221;3\/4&#8243; css=&#8221;.vc_custom_1447069657508{padding-left: 55px !important;}&#8221;][vc_empty_space height=&#8221;55px&#8221;][vc_single_image image=&#8221;2031&#8243; img_size=&#8221;full&#8221;][vc_empty_space][\/vc_column][\/vc_row][vc_row][vc_column width=&#8221;1\/4&#8243;][vc_separator][vc_column_text]<strong><a href=\"http:\/\/www.weingut-dahlem.de\/start\/produkt\/angebot-mild\/\">12 Flaschen Wein mild\/feinherb<\/a><\/strong><br \/>\n2 Fl. Bacchus QbA halbtrocken<br \/>\n2 Fl. M\u00fcller-Thurgau QbA, 1,0 Liter<br \/>\n2 Fl.\u00a0Gew\u00fcrztraminer &amp; Kerner\u00a0Kabinett<br \/>\n2 Fl. Riesling Sp\u00e4tlese<br \/>\n2 Fl. Sp\u00e4tburgunder Rose halbtrocken<br \/>\n2 Fl. Dornfelder Rotwein mild<br \/>\n<a href=\"http:\/\/www.weingut-dahlem.de\/start\/produkt\/angebot-mild\/\">zum Kennenlernpreis von \u20ac 85,00 inkl. Versand statt \u20ac 90,90<\/a>[\/vc_column_text][\/vc_column][vc_column width=&#8221;3\/4&#8243;][vc_separator][vc_empty_space][vc_single_image image=&#8221;2035&#8243; img_size=&#8221;full&#8221;][\/vc_column][\/vc_row][vc_row][vc_column][vc_column_text]<strong>GUTSCHEINE zum Verschenken<\/strong><br \/>\nSie k\u00f6nnen auch Gutscheine f\u00fcr unsere Veranstaltungen, unsere Strausswirtschaft oder f\u00fcr unsere Weine verschenken. Den Wert k\u00f6nnen wir individuell festlegen.[\/vc_column_text][\/vc_column][\/vc_row][vc_row][vc_column][vc_column_text]Um diese Angebote zu bestellen oder sich einen individuellen Gutschein\u00a0erstellen zu lassen nutzen Sie bitte unser <a href=\"http:\/\/www.weingut-dahlem.de\/start\/kontakt-weingut-dahlem-oppenheim\/\">Kontaktformular<\/a>[\/vc_column_text][\/vc_column][\/vc_row]<\/p>\n<\/section>","protected":false},"excerpt":{"rendered":"<p>[vc_row][vc_column width=&#8221;1\/4&#8243; css=&#8221;.vc_custom_1447071111176{padding-top: 40px !important;}&#8221;][vc_column_text] Kennlernangebot 12 Flaschen Wein trocken\/halbtrocken 2 Fl. Grauer Burgunder Sp\u00e4tlese trocken 2 Fl. Sauvignon Blanc feinherb 2 Fl. Riesling Classic 2 Fl. Chardonnay &amp; Weissburgunder halbtrocken 2 Fl. Sp\u00e4tburgunder Rose feinherb 2 Fl. Merlot &amp; Dornfelder Rotwein trocken zum Kennenlernpreis von \u20ac 89,00 inkl. Versand statt \u20ac 98,90[\/vc_column_text][\/vc_column][vc_column width=&#8221;3\/4&#8243; css=&#8221;.vc_custom_1447069657508{padding-left: [&hellip;]<\/p>\n","protected":false},"author":1,"featured_media":0,"parent":0,"menu_order":0,"comment_status":"closed","ping_status":"closed","template":"","meta":{"ngg_post_thumbnail":0,"footnotes":""},"class_list":["post-1812","page","type-page","status-publish","hentry"],"_links":{"self":[{"href":"https:\/\/www.weingut-dahlem.de\/start\/wp-json\/wp\/v2\/pages\/1812","targetHints":{"allow":["GET"]}}],"collection":[{"href":"https:\/\/www.weingut-dahlem.de\/start\/wp-json\/wp\/v2\/pages"}],"about":[{"href":"https:\/\/www.weingut-dahlem.de\/start\/wp-json\/wp\/v2\/types\/page"}],"author":[{"embeddable":true,"href":"https:\/\/www.weingut-dahlem.de\/start\/wp-json\/wp\/v2\/users\/1"}],"replies":[{"embeddable":true,"href":"https:\/\/www.weingut-dahlem.de\/start\/wp-json\/wp\/v2\/comments?post=1812"}],"version-history":[{"count":2,"href":"https:\/\/www.weingut-dahlem.de\/start\/wp-json\/wp\/v2\/pages\/1812\/revisions"}],"predecessor-version":[{"id":3718,"href":"https:\/\/www.weingut-dahlem.de\/start\/wp-json\/wp\/v2\/pages\/1812\/revisions\/3718"}],"wp:attachment":[{"href":"https:\/\/www.weingut-dahlem.de\/start\/wp-json\/wp\/v2\/media?parent=1812"}],"curies":[{"name":"wp","href":"https:\/\/api.w.org\/{rel}","templated":true}]}}