{"id":1718,"date":"2015-10-17T12:33:11","date_gmt":"2015-10-17T12:33:11","guid":{"rendered":"http:\/\/www.weingut-dahlem.de\/start\/?page_id=1718"},"modified":"2024-10-11T15:26:40","modified_gmt":"2024-10-11T13:26:40","slug":"weinproben","status":"publish","type":"page","link":"https:\/\/www.weingut-dahlem.de\/start\/weinproben\/","title":{"rendered":"Weinproben"},"content":{"rendered":"<section class=\"wpb-content-wrapper\"><p>[vc_row][vc_column][vc_empty_space height=&#8221;30px&#8221;][\/vc_column][\/vc_row][vc_row][vc_column][vc_column_text css_animation=&#8221;appear&#8221;]<\/p>\n<h2 style=\"text-align: center\">Wir gestalten Ihre pers\u00f6nliche Weinprobe!<\/h2>\n<p>[\/vc_column_text][\/vc_column][\/vc_row][vc_row][vc_column width=&#8221;1\/3&#8243;][vc_single_image image=&#8221;1918&#8243; img_size=&#8221;medium&#8221; style=&#8221;vc_box_border&#8221;][\/vc_column][vc_column width=&#8221;1\/3&#8243;][vc_single_image image=&#8221;1917&#8243; img_size=&#8221;medium&#8221; style=&#8221;vc_box_border&#8221;][\/vc_column][vc_column width=&#8221;1\/3&#8243;][vc_single_image image=&#8221;1916&#8243; img_size=&#8221;medium&#8221; style=&#8221;vc_box_border&#8221;][\/vc_column][\/vc_row][vc_row][vc_column][vc_column_text]Wir bieten Ihnen eine humorvolle, informative Weinprobe ganz nach Ihren W\u00fcnschen an. Sie k\u00f6nnen zwischen der kleinen Weinprobe mit 3 Weinen \u00fcber die Standard-Weinprobe mit 8 Weinen bis zur Exclusiv-Weinprobe mit 15 Weinen und Sekten w\u00e4hlen.<\/p>\n<p>In unserem teilbaren Weinsaal finden bis zu 120 Besucher Platz.<br \/>\nEine Kellerf\u00fchrung mit kleinem R\u00f6mermuseum und die Besichtigung des Weinguts sind Bestandteil der Weinprobe.<br \/>\nRufen Sie uns unter 06133-2001 an oder schreiben Sie eine E-Mail an <a href=\"mailto:info@weingut-dahlem.de\">info@weingut-dahlem.de.<\/a><\/p>\n<h2 style=\"text-align: center\">Weinbergsrundfahrten<\/h2>\n<p style=\"text-align: left\">Gerne k\u00f6nnen Sie schon f\u00fcr Termine in 2025 anfragen.<\/p>\n<p style=\"text-align: left\">Fahren Sie mit uns durch die Oppenheimer Weinberge und genie\u00dfen Sie unsere Weine inmitten der Weinberge.\u2028 Mit Traktor und H\u00e4nger geht es zu den sch\u00f6nsten Punkten der Oppenheimer Gemarkung vorbei an der Ruine Landskrone und dem Kr\u00f6tenbrunnen. Dazu gibt es einen Imbiss und\u00a0verschiedene Weine.<br \/>\nDie Fahrt dauert etwa zwei Stunden. Anfragen unter <a href=\"mailto:info@weingut-dahlem.de\">info@weingut-dahlem.de.<\/a><\/p>\n<section class=\"bg-fixed relative\">\n<div class=\"container\">\n<div class=\"row\">\n<div class=\"col-md-12 wpb_column column_container \">\n<div class=\"\">\n<div class=\"wpb_text_column wpb_content_element \">\n<div class=\"wpb_wrapper\">\n<p style=\"text-align: left\"><a href=\"https:\/\/www.weingut-dahlem.de\/start\/wp-content\/uploads\/2015\/05\/rundfahrt.jpg\"><img loading=\"lazy\" decoding=\"async\" class=\"size-medium wp-image-2126 aligncenter\" src=\"https:\/\/www.weingut-dahlem.de\/start\/wp-content\/uploads\/2015\/05\/rundfahrt-300x300.jpg\" alt=\"\" width=\"300\" height=\"300\" srcset=\"https:\/\/www.weingut-dahlem.de\/start\/wp-content\/uploads\/2015\/05\/rundfahrt-300x300.jpg 300w, https:\/\/www.weingut-dahlem.de\/start\/wp-content\/uploads\/2015\/05\/rundfahrt-100x100.jpg 100w, https:\/\/www.weingut-dahlem.de\/start\/wp-content\/uploads\/2015\/05\/rundfahrt-1024x1024.jpg 1024w, https:\/\/www.weingut-dahlem.de\/start\/wp-content\/uploads\/2015\/05\/rundfahrt-150x150.jpg 150w, https:\/\/www.weingut-dahlem.de\/start\/wp-content\/uploads\/2015\/05\/rundfahrt-1536x1536.jpg 1536w, https:\/\/www.weingut-dahlem.de\/start\/wp-content\/uploads\/2015\/05\/rundfahrt-2048x2048.jpg 2048w\" sizes=\"auto, (max-width: 300px) 100vw, 300px\" \/><\/a>[\/vc_column_text][\/vc_column][\/vc_row]<\/p>\n<\/div>\n<\/div>\n<\/div>\n<\/div>\n<\/div>\n<\/div>\n<\/section>\n<\/section>","protected":false},"excerpt":{"rendered":"<p>[vc_row][vc_column][vc_empty_space height=&#8221;30px&#8221;][\/vc_column][\/vc_row][vc_row][vc_column][vc_column_text css_animation=&#8221;appear&#8221;] Wir gestalten Ihre pers\u00f6nliche Weinprobe! [\/vc_column_text][\/vc_column][\/vc_row][vc_row][vc_column width=&#8221;1\/3&#8243;][vc_single_image image=&#8221;1918&#8243; img_size=&#8221;medium&#8221; style=&#8221;vc_box_border&#8221;][\/vc_column][vc_column width=&#8221;1\/3&#8243;][vc_single_image image=&#8221;1917&#8243; img_size=&#8221;medium&#8221; style=&#8221;vc_box_border&#8221;][\/vc_column][vc_column width=&#8221;1\/3&#8243;][vc_single_image image=&#8221;1916&#8243; img_size=&#8221;medium&#8221; style=&#8221;vc_box_border&#8221;][\/vc_column][\/vc_row][vc_row][vc_column][vc_column_text]Wir bieten Ihnen eine humorvolle, informative Weinprobe ganz nach Ihren W\u00fcnschen an. Sie k\u00f6nnen zwischen der kleinen Weinprobe mit 3 Weinen \u00fcber die Standard-Weinprobe mit 8 Weinen bis zur Exclusiv-Weinprobe mit 15 Weinen und Sekten [&hellip;]<\/p>\n","protected":false},"author":1,"featured_media":0,"parent":0,"menu_order":0,"comment_status":"closed","ping_status":"closed","template":"page-templates\/template-fullwidth.php","meta":{"ngg_post_thumbnail":0,"footnotes":""},"class_list":["post-1718","page","type-page","status-publish","hentry"],"_links":{"self":[{"href":"https:\/\/www.weingut-dahlem.de\/start\/wp-json\/wp\/v2\/pages\/1718","targetHints":{"allow":["GET"]}}],"collection":[{"href":"https:\/\/www.weingut-dahlem.de\/start\/wp-json\/wp\/v2\/pages"}],"about":[{"href":"https:\/\/www.weingut-dahlem.de\/start\/wp-json\/wp\/v2\/types\/page"}],"author":[{"embeddable":true,"href":"https:\/\/www.weingut-dahlem.de\/start\/wp-json\/wp\/v2\/users\/1"}],"replies":[{"embeddable":true,"href":"https:\/\/www.weingut-dahlem.de\/start\/wp-json\/wp\/v2\/comments?post=1718"}],"version-history":[{"count":1,"href":"https:\/\/www.weingut-dahlem.de\/start\/wp-json\/wp\/v2\/pages\/1718\/revisions"}],"predecessor-version":[{"id":3715,"href":"https:\/\/www.weingut-dahlem.de\/start\/wp-json\/wp\/v2\/pages\/1718\/revisions\/3715"}],"wp:attachment":[{"href":"https:\/\/www.weingut-dahlem.de\/start\/wp-json\/wp\/v2\/media?parent=1718"}],"curies":[{"name":"wp","href":"https:\/\/api.w.org\/{rel}","templated":true}]}}