{"id":1547,"date":"2015-10-09T11:42:47","date_gmt":"2015-10-09T11:42:47","guid":{"rendered":"http:\/\/www.weingut-dahlem.de\/start\/?page_id=1547"},"modified":"2026-04-01T10:59:38","modified_gmt":"2026-04-01T08:59:38","slug":"veranstaltungen","status":"publish","type":"page","link":"https:\/\/www.weingut-dahlem.de\/start\/veranstaltungen\/","title":{"rendered":"Termine &#8211; Rundfahrten"},"content":{"rendered":"<section class=\"wpb-content-wrapper\"><p>[vc_row][vc_column][vc_column_text]<\/p>\n<p>&nbsp;<\/p>\n<p>&nbsp;<\/p>\n<h2 style=\"text-align: center\">Termine 2026<\/h2>\n<h2 style=\"text-align: center\"><\/h2>\n<p><a href=\"https:\/\/www.weingut-dahlem.de\/start\/events\/schlemmerwanderung_fruehjahr\/\">So 12.04. Schlemmerwanderung durch die Oppenheimer Weinberge<\/a><br \/>\n<a href=\"https:\/\/www.stadt-oppenheim.de\/event\/oppenheimer-fruehling-2026\/\" target=\"_blank\" rel=\"noopener\">So 19.04. Oppenheimer Fr\u00fchling<\/a><br \/>\n<a href=\"https:\/\/www.weingut-dahlem.de\/start\/events\/10-05-2026-literarische-wanderung\/\">So 10.05. Literarische Wanderung<\/a><br \/>\n<a href=\"https:\/\/www.weingut-dahlem.de\/start\/events\/23-05-2025-spanischer-abend-tapas-wein-ein-abend-voller-genuss\/\">Fr-Sa 29. und 30.05. Spanischer Abend<\/a><br \/>\n<a href=\"https:\/\/www.weingut-dahlem.de\/start\/events\/21-06-fete-de-la-musique\/\">So 21.06. F<span class=\"yKMVIe\" role=\"heading\">\u00ea<\/span>te de la Musique<\/a><br \/>\n<a href=\"https:\/\/www.stadt-oppenheim.de\/event\/oppenheimer-weinfest-2025\/\" target=\"_blank\" rel=\"noopener\">Fr- Mo 07.-10.08. Oppenheimer Weinfest<\/a><br \/>\n<a href=\"https:\/\/www.weingut-dahlem.de\/start\/events\/11-09-2026-frank-fischer-kabarett\/\">Fr 11.09. Frank Fischer &#8211; GAGALAND &#8211; Kabarett<\/a><br \/>\nSa 03.10. Schlemmerwanderung<br \/>\n<a href=\"https:\/\/www.weingut-dahlem.de\/start\/events\/weihnachtsmarkt-oppenheim\/\">Sa-So 12.-13.12. Oppenheimer Weihnachtsmarkt<\/a><\/p>\n<p>&nbsp;<\/p>\n<p><strong>Termine Winzerausschank am Oppenheimer Marktplatz 2026:<br \/>\n<\/strong>Der Winzerausschank \u00f6ffnet ab 19.03.2026 wieder.<br \/>\nDas Weingut Dr. Dahlem begr\u00fc\u00dft Sie an folgenden Terminen:<br \/>\n26.03.-30.03.2026<br \/>\n07.05.-11.05.2026<br \/>\n21.05.-25.05.2026 (Pfingsten)<br \/>\n18.06.-22.06.2026<br \/>\n09.07.-13.07.2026<br \/>\n13.08.-17.08.2026<br \/>\n17.09.-21.09.2026<br \/>\n22.10.-26.10.2026<\/p>\n<p><a href=\"https:\/\/www.weingut-dahlem.de\/start\/wp-content\/uploads\/2025\/12\/Winzerausschank_2026.pdf\" target=\"_blank\" rel=\"noopener\">Hier k\u00f6nnen Sie die Ausschanktermine des Winzerausschanks 2026 als pdf-Datei abrufen.<\/a><br \/>\nSa ab 10:00 Uhr; So und Feiertag ab 11:00 Uhr; Mo, Do und Fr ab 16:30 Uhr<\/p>\n<p>Reservierungen und weitere Infos unter 06133-2001 oder <a href=\"mailto:info@weingut-dahlem.de\">info@weingut-dahlem.de<\/a><\/p>\n<h2 style=\"text-align: center\">Weinbergsrundfahrten<\/h2>\n<p style=\"text-align: left\">Gerne k\u00f6nnen Sie f\u00fcr Termine in 2026 anfragen.<\/p>\n<p style=\"text-align: left\">Fahren Sie mit uns durch die Oppenheimer Weinberge und genie\u00dfen Sie unsere Weine inmitten der Weinberge.\u2028 Mit Traktor und Anh\u00e4nger f\u00fchren wir Brauchtumsfahrten durch. Dabei geht es zu den sch\u00f6nsten Punkten der Oppenheimer Gemarkung vorbei an der Ruine Landskrone und dem Kr\u00f6tenbrunnen. Dazu gibt es einen Imbiss und verschiedene Weine.<br \/>\nDie Fahrt dauert etwa zwei Stunden. Anfragen unter <a href=\"mailto:info@weingut-dahlem.de\">info@weingut-dahlem.de.<\/a><\/p>\n<section class=\"bg-fixed relative\">\n<div class=\"container\">\n<div class=\"row\">\n<div class=\"col-md-12 wpb_column column_container \">\n<div class=\"\">\n<div class=\"wpb_text_column wpb_content_element \">\n<div class=\"wpb_wrapper\">\n<p style=\"text-align: center\"><a href=\"https:\/\/www.weingut-dahlem.de\/start\/wp-content\/uploads\/2015\/05\/rundfahrt.jpg\"><img loading=\"lazy\" decoding=\"async\" class=\"alignnone size-medium wp-image-2126\" src=\"https:\/\/www.weingut-dahlem.de\/start\/wp-content\/uploads\/2015\/05\/rundfahrt-300x300.jpg\" alt=\"\" width=\"300\" height=\"300\" srcset=\"https:\/\/www.weingut-dahlem.de\/start\/wp-content\/uploads\/2015\/05\/rundfahrt-300x300.jpg 300w, https:\/\/www.weingut-dahlem.de\/start\/wp-content\/uploads\/2015\/05\/rundfahrt-100x100.jpg 100w, https:\/\/www.weingut-dahlem.de\/start\/wp-content\/uploads\/2015\/05\/rundfahrt-1024x1024.jpg 1024w, https:\/\/www.weingut-dahlem.de\/start\/wp-content\/uploads\/2015\/05\/rundfahrt-150x150.jpg 150w, https:\/\/www.weingut-dahlem.de\/start\/wp-content\/uploads\/2015\/05\/rundfahrt-1536x1536.jpg 1536w, https:\/\/www.weingut-dahlem.de\/start\/wp-content\/uploads\/2015\/05\/rundfahrt-2048x2048.jpg 2048w\" sizes=\"auto, (max-width: 300px) 100vw, 300px\" \/><\/a><\/p>\n<h2 style=\"text-align: center\">Wir gestalten Ihre pers\u00f6nliche Weinprobe!<\/h2>\n<p>Wir bieten Ihnen eine humorvolle, informative Weinprobe ganz nach Ihren W\u00fcnschen an. Sie k\u00f6nnen zwischen der kleinen Weinprobe mit 3 Weinen \u00fcber die Standard-Weinprobe mit 8 Weinen bis zur Exclusiv-Weinprobe mit 15 Weinen und Sekten w\u00e4hlen.<\/p>\n<p>In unserem teilbaren Weinsaal finden bis zu 120 Besucher Platz.<br \/>\nEine Kellerf\u00fchrung mit kleinem R\u00f6mermuseum und die Besichtigung des Weinguts sind Bestandteil der Weinprobe.<br \/>\nRufen Sie uns unter 06133-2001 an oder schreiben Sie eine E-Mail an <a href=\"mailto:info@weingut-dahlem.de\">info@weingut-dahlem.de.<\/a><\/p>\n<p>[\/vc_column_text][\/vc_column][\/vc_row]<\/p>\n<\/div>\n<\/div>\n<\/div>\n<\/div>\n<\/div>\n<\/div>\n<\/section>\n<\/section>","protected":false},"excerpt":{"rendered":"<p>[vc_row][vc_column][vc_column_text] &nbsp; &nbsp; Termine 2026 So 12.04. Schlemmerwanderung durch die Oppenheimer Weinberge So 19.04. Oppenheimer Fr\u00fchling So 10.05. Literarische Wanderung Fr-Sa 29. und 30.05. Spanischer Abend So 21.06. F\u00eate de la Musique Fr- Mo 07.-10.08. Oppenheimer Weinfest Fr 11.09. Frank Fischer &#8211; GAGALAND &#8211; Kabarett Sa 03.10. Schlemmerwanderung Sa-So 12.-13.12. Oppenheimer Weihnachtsmarkt &nbsp; Termine Winzerausschank [&hellip;]<\/p>\n","protected":false},"author":1,"featured_media":0,"parent":0,"menu_order":0,"comment_status":"closed","ping_status":"closed","template":"","meta":{"ngg_post_thumbnail":0,"footnotes":""},"class_list":["post-1547","page","type-page","status-publish","hentry"],"_links":{"self":[{"href":"https:\/\/www.weingut-dahlem.de\/start\/wp-json\/wp\/v2\/pages\/1547","targetHints":{"allow":["GET"]}}],"collection":[{"href":"https:\/\/www.weingut-dahlem.de\/start\/wp-json\/wp\/v2\/pages"}],"about":[{"href":"https:\/\/www.weingut-dahlem.de\/start\/wp-json\/wp\/v2\/types\/page"}],"author":[{"embeddable":true,"href":"https:\/\/www.weingut-dahlem.de\/start\/wp-json\/wp\/v2\/users\/1"}],"replies":[{"embeddable":true,"href":"https:\/\/www.weingut-dahlem.de\/start\/wp-json\/wp\/v2\/comments?post=1547"}],"version-history":[{"count":43,"href":"https:\/\/www.weingut-dahlem.de\/start\/wp-json\/wp\/v2\/pages\/1547\/revisions"}],"predecessor-version":[{"id":4719,"href":"https:\/\/www.weingut-dahlem.de\/start\/wp-json\/wp\/v2\/pages\/1547\/revisions\/4719"}],"wp:attachment":[{"href":"https:\/\/www.weingut-dahlem.de\/start\/wp-json\/wp\/v2\/media?parent=1547"}],"curies":[{"name":"wp","href":"https:\/\/api.w.org\/{rel}","templated":true}]}}