{"id":1545,"date":"2015-10-09T11:41:47","date_gmt":"2015-10-09T11:41:47","guid":{"rendered":"http:\/\/www.weingut-dahlem.de\/start\/?page_id=1545"},"modified":"2015-10-09T11:41:47","modified_gmt":"2015-10-09T11:41:47","slug":"die-weine","status":"publish","type":"page","link":"https:\/\/www.weingut-dahlem.de\/start\/die-weine\/","title":{"rendered":"Die Weine"},"content":{"rendered":"<section class=\"wpb-content-wrapper\"><p>[vc_row][vc_column][vc_column_text]<\/p>\n<p style=\"text-align: left;\">Eine gro\u00dfe Vielfalt an Weinen steht zur Auswahl. Kr\u00e4ftige Rotweine zeigen Charakter &#8211; ein Quartett von Sp\u00e4tburgunder, Dornfelder, Merlot und Regent. Als Rotwein oder Ros\u00e9.\u2028 Die Wei\u00dfen &#8211; klassisch, der Riesling, erdig, die Burgunder, fruchtig der Sauvignon Blanc f\u00fcr jeden Geschmack ist etwas dabei. Lassen Sie sich verf\u00fchren.<br \/>\nCuv\u00e9es runden das Angebot ab &#8211; Kombinationen von Chardonnay und Wei\u00dfburgunder oder Gew\u00fcrztraminer und Silvaner bieten spannende Weine.[\/vc_column_text][vc_text_separator title=&#8221;Eine kleine Auswahl aus unserem Sortiment&#8221;][\/vc_column][\/vc_row][vc_row][vc_column width=&#8221;1\/4&#8243;][vc_single_image image=&#8221;1711&#8243; img_size=&#8221;medium&#8221; alignment=&#8221;center&#8221; style=&#8221;vc_box_rounded&#8221; title=&#8221;Merlot&#8221;][\/vc_column][vc_column width=&#8221;1\/4&#8243;][vc_single_image image=&#8221;1622&#8243; img_size=&#8221;medium&#8221; alignment=&#8221;center&#8221; style=&#8221;vc_box_rounded&#8221; title=&#8221;Ros\u00e9 &#8220;][\/vc_column][vc_column width=&#8221;1\/4&#8243;][vc_single_image image=&#8221;1681&#8243; img_size=&#8221;medium&#8221; alignment=&#8221;center&#8221; style=&#8221;vc_box_rounded&#8221; title=&#8221;Riesling&#8221;][\/vc_column][vc_column width=&#8221;1\/4&#8243;][vc_single_image image=&#8221;1685&#8243; img_size=&#8221;medium&#8221; alignment=&#8221;center&#8221; style=&#8221;vc_box_rounded&#8221; title=&#8221;Weissburgunder&#8221;][\/vc_column][\/vc_row][vc_row][vc_column width=&#8221;1\/4&#8243;][vc_single_image image=&#8221;1647&#8243; img_size=&#8221;medium&#8221; alignment=&#8221;center&#8221; style=&#8221;vc_box_rounded&#8221; title=&#8221;Merlot Wei\u00dfherbst&#8221;][\/vc_column][vc_column width=&#8221;1\/4&#8243;][vc_single_image image=&#8221;1620&#8243; img_size=&#8221;medium&#8221; alignment=&#8221;center&#8221; style=&#8221;vc_box_rounded&#8221; title=&#8221;Sp\u00e4tburgunder&#8221;][\/vc_column][vc_column width=&#8221;1\/4&#8243;][vc_single_image image=&#8221;1686&#8243; img_size=&#8221;medium&#8221; alignment=&#8221;center&#8221; style=&#8221;vc_box_rounded&#8221; title=&#8221;Riesling&#8221;][\/vc_column][vc_column width=&#8221;1\/4&#8243;][vc_single_image image=&#8221;1649&#8243; img_size=&#8221;medium&#8221; alignment=&#8221;center&#8221; style=&#8221;vc_box_rounded&#8221; title=&#8221;Bacchus&#8221;][\/vc_column][\/vc_row][vc_row][vc_column width=&#8221;1\/4&#8243;][vc_single_image image=&#8221;1704&#8243; img_size=&#8221;medium&#8221; alignment=&#8221;center&#8221; style=&#8221;vc_box_rounded&#8221; title=&#8221;Rot &#8211; Original&#8221;][\/vc_column][vc_column width=&#8221;1\/4&#8243;][vc_single_image image=&#8221;1700&#8243; img_size=&#8221;medium&#8221; alignment=&#8221;center&#8221; style=&#8221;vc_box_rounded&#8221; title=&#8221;Pinot Noir &#8211; Ros\u00e9&#8221;][\/vc_column][vc_column width=&#8221;1\/4&#8243;][vc_single_image image=&#8221;1705&#8243; img_size=&#8221;medium&#8221; alignment=&#8221;center&#8221; style=&#8221;vc_box_rounded&#8221; title=&#8221;Silas &#8211; Secco&#8221;][\/vc_column][vc_column width=&#8221;1\/4&#8243;][vc_single_image image=&#8221;1698&#8243; img_size=&#8221;medium&#8221; alignment=&#8221;center&#8221; style=&#8221;vc_box_rounded&#8221; title=&#8221;Sonder Cuve\u00e9&#8221;][\/vc_column][\/vc_row][vc_row][vc_column][vc_column_text css_animation=&#8221;appear&#8221;]<\/p>\n<h2 style=\"text-align: center;\">Lust auf mehr? Uns und all die anderen Wein kann man gleich <a href=\"https:\/\/www.weingut-dahlem.de\/start\/shop\/\">hier<\/a> bestellen!<\/h2>\n<p>[\/vc_column_text][\/vc_column][\/vc_row]<\/p>\n<\/section>","protected":false},"excerpt":{"rendered":"<p>[vc_row][vc_column][vc_column_text] Eine gro\u00dfe Vielfalt an Weinen steht zur Auswahl. Kr\u00e4ftige Rotweine zeigen Charakter &#8211; ein Quartett von Sp\u00e4tburgunder, Dornfelder, Merlot und Regent. Als Rotwein oder Ros\u00e9.\u2028 Die Wei\u00dfen &#8211; klassisch, der Riesling, erdig, die Burgunder, fruchtig der Sauvignon Blanc f\u00fcr jeden Geschmack ist etwas dabei. Lassen Sie sich verf\u00fchren. Cuv\u00e9es runden das Angebot ab &#8211; [&hellip;]<\/p>\n","protected":false},"author":1,"featured_media":0,"parent":0,"menu_order":0,"comment_status":"closed","ping_status":"closed","template":"page-templates\/template-fullwidth.php","meta":{"ngg_post_thumbnail":0,"footnotes":""},"class_list":["post-1545","page","type-page","status-publish","hentry"],"_links":{"self":[{"href":"https:\/\/www.weingut-dahlem.de\/start\/wp-json\/wp\/v2\/pages\/1545","targetHints":{"allow":["GET"]}}],"collection":[{"href":"https:\/\/www.weingut-dahlem.de\/start\/wp-json\/wp\/v2\/pages"}],"about":[{"href":"https:\/\/www.weingut-dahlem.de\/start\/wp-json\/wp\/v2\/types\/page"}],"author":[{"embeddable":true,"href":"https:\/\/www.weingut-dahlem.de\/start\/wp-json\/wp\/v2\/users\/1"}],"replies":[{"embeddable":true,"href":"https:\/\/www.weingut-dahlem.de\/start\/wp-json\/wp\/v2\/comments?post=1545"}],"version-history":[{"count":0,"href":"https:\/\/www.weingut-dahlem.de\/start\/wp-json\/wp\/v2\/pages\/1545\/revisions"}],"wp:attachment":[{"href":"https:\/\/www.weingut-dahlem.de\/start\/wp-json\/wp\/v2\/media?parent=1545"}],"curies":[{"name":"wp","href":"https:\/\/api.w.org\/{rel}","templated":true}]}}